{"id":16,"date":"2024-12-02T15:49:01","date_gmt":"2024-12-02T14:49:01","guid":{"rendered":"http:\/\/jcohlqb.cluster027.hosting.ovh.net\/?page_id=16"},"modified":"2025-05-30T09:47:48","modified_gmt":"2025-05-30T08:47:48","slug":"como-llegar","status":"publish","type":"page","link":"https:\/\/aiarafest.com\/2025\/como-llegar\/","title":{"rendered":"C\u00f3mo llegar"},"content":{"rendered":"\t\t<div data-elementor-type=\"wp-page\" data-elementor-id=\"16\" class=\"elementor elementor-16\">\n\t\t\t\t<div class=\"elementor-element elementor-element-a5fb9d7 e-flex e-con-boxed e-con e-parent\" data-id=\"a5fb9d7\" data-element_type=\"container\">\n\t\t\t\t\t<div class=\"e-con-inner\">\n\t\t<div class=\"elementor-element elementor-element-bad05c6 e-con-full e-flex e-con e-child\" data-id=\"bad05c6\" data-element_type=\"container\">\n\t\t\t\t<div class=\"elementor-element elementor-element-55b140c elementor-widget elementor-widget-heading\" data-id=\"55b140c\" data-element_type=\"widget\" data-widget_type=\"heading.default\">\n\t\t\t\t\t<h1 class=\"elementor-heading-title elementor-size-default\">C\u00d3MO LLEGAR<\/h1>\t\t\t\t<\/div>\n\t\t\t\t<div class=\"elementor-element elementor-element-a42d998 elementor-widget-divider--view-line elementor-widget elementor-widget-divider\" data-id=\"a42d998\" data-element_type=\"widget\" data-widget_type=\"divider.default\">\n\t\t\t\t\t\t\t<div class=\"elementor-divider\">\n\t\t\t<span class=\"elementor-divider-separator\">\n\t\t\t\t\t\t<\/span>\n\t\t<\/div>\n\t\t\t\t\t\t<\/div>\n\t\t\t\t<div class=\"elementor-element elementor-element-1ef0d97 elementor-widget elementor-widget-text-editor\" data-id=\"1ef0d97\" data-element_type=\"widget\" data-widget_type=\"text-editor.default\">\n\t\t\t\t\t\t\t\t\t<p>&#8220;EL REFOR&#8221; KIROL GUNEA &#8211; SALBADOR ALDAPA, 3, 01470 AMURRIO, ARABA<\/p>\t\t\t\t\t\t\t\t<\/div>\n\t\t\t\t<div class=\"elementor-element elementor-element-49480e2 elementor-widget elementor-widget-google_maps\" data-id=\"49480e2\" data-element_type=\"widget\" data-widget_type=\"google_maps.default\">\n\t\t\t\t\t\t\t<div class=\"elementor-custom-embed\">\n\t\t\t<iframe loading=\"lazy\"\n\t\t\t\t\tsrc=\"https:\/\/maps.google.com\/maps?q=SALBADOR%20ALDAPA%2C%203%2C%2001470%20AMURRIO%2C%20ARABA&#038;t=m&#038;z=16&#038;output=embed&#038;iwloc=near\"\n\t\t\t\t\ttitle=\"SALBADOR ALDAPA, 3, 01470 AMURRIO, ARABA\"\n\t\t\t\t\taria-label=\"SALBADOR ALDAPA, 3, 01470 AMURRIO, ARABA\"\n\t\t\t><\/iframe>\n\t\t<\/div>\n\t\t\t\t\t\t<\/div>\n\t\t\t\t<div class=\"elementor-element elementor-element-471f651 elementor-widget elementor-widget-heading\" data-id=\"471f651\" data-element_type=\"widget\" data-widget_type=\"heading.default\">\n\t\t\t\t\t<h2 class=\"elementor-heading-title elementor-size-default\">POR LIBRE<\/h2>\t\t\t\t<\/div>\n\t\t<div class=\"elementor-element elementor-element-28a6ce1 e-grid e-con-full texto-beige e-con e-child\" data-id=\"28a6ce1\" data-element_type=\"container\">\n\t\t\t\t<div class=\"elementor-element elementor-element-6b79464 elementor-widget elementor-widget-text-editor\" data-id=\"6b79464\" data-element_type=\"widget\" data-widget_type=\"text-editor.default\">\n\t\t\t\t\t\t\t\t\t<h3 style=\"text-align: center;\">EN TREN<\/h3><p style=\"text-align: center;\">AMURRIO CUENTA CON UNA ESTACI\u00d3N DE TREN CON SERVICIOS DE CERCAN\u00cdAS.<\/p><p style=\"text-align: center;\">LA ESTACI\u00d3N DE AVE M\u00c1S CERCANA ES LA DE BILBAO.<\/p>\t\t\t\t\t\t\t\t<\/div>\n\t\t\t\t<div class=\"elementor-element elementor-element-5399a61 elementor-widget elementor-widget-text-editor\" data-id=\"5399a61\" data-element_type=\"widget\" data-widget_type=\"text-editor.default\">\n\t\t\t\t\t\t\t\t\t<h3 style=\"text-align: center;\">EN COCHE<\/h3>\n<p style=\"text-align: center;\">EL RECINTO CUENTA CON ZONAS DE APARCAMIENTO, A LAS QUE SE SE ACCEDE A TRAV\u00c9S DE LA CARRETERA SALBADOR ALDAPA. (UBICACI\u00d3N GOOGLE MAPS)<\/p>\t\t\t\t\t\t\t\t<\/div>\n\t\t\t\t<div class=\"elementor-element elementor-element-5a87624 elementor-widget elementor-widget-text-editor\" data-id=\"5a87624\" data-element_type=\"widget\" data-widget_type=\"text-editor.default\">\n\t\t\t\t\t\t\t\t\t<h3 style=\"text-align: center;\">EN AVI\u00d3N<\/h3>\n<p style=\"text-align: center;\">LOS AEROPUERTOS M\u00c1S CERCANOS SON LOS DE BILBAO Y VITORIA.<\/p>\t\t\t\t\t\t\t\t<\/div>\n\t\t\t\t<\/div>\n\t\t\t\t<\/div>\n\t\t\t\t\t<\/div>\n\t\t\t\t<\/div>\n\t\t<div class=\"elementor-element elementor-element-6600af5 e-flex e-con-boxed e-con e-parent\" data-id=\"6600af5\" data-element_type=\"container\">\n\t\t\t\t\t<div class=\"e-con-inner\">\n\t\t<div class=\"elementor-element elementor-element-3e26024 e-con-full e-flex e-con e-child\" data-id=\"3e26024\" data-element_type=\"container\">\n\t\t\t\t<div class=\"elementor-element elementor-element-54049e1 elementor-widget elementor-widget-heading\" data-id=\"54049e1\" data-element_type=\"widget\" data-widget_type=\"heading.default\">\n\t\t\t\t\t<h1 class=\"elementor-heading-title elementor-size-default\">EN autocaravana \/ camper<\/h1>\t\t\t\t<\/div>\n\t\t\t\t<div class=\"elementor-element elementor-element-c0841d5 elementor-widget-divider--view-line elementor-widget elementor-widget-divider\" data-id=\"c0841d5\" data-element_type=\"widget\" data-widget_type=\"divider.default\">\n\t\t\t\t\t\t\t<div class=\"elementor-divider\">\n\t\t\t<span class=\"elementor-divider-separator\">\n\t\t\t\t\t\t<\/span>\n\t\t<\/div>\n\t\t\t\t\t\t<\/div>\n\t\t\t\t<div class=\"elementor-element elementor-element-733e974 elementor-widget elementor-widget-text-editor\" data-id=\"733e974\" data-element_type=\"widget\" data-widget_type=\"text-editor.default\">\n\t\t\t\t\t\t\t\t\t<h5 style=\"text-align: center;\">\u00a0\u00bfVienes con camper o autocaravana?<\/h5><h5 style=\"text-align: center;\">Tenemos para ti un parking exclusivo justo al lado del recinto donde poder dejar la camper o la autocaravana.<\/h5>\t\t\t\t\t\t\t\t<\/div>\n\t\t\t\t<div class=\"elementor-element elementor-element-f124653 elementor-widget elementor-widget-text-editor\" data-id=\"f124653\" data-element_type=\"widget\" data-widget_type=\"text-editor.default\">\n\t\t\t\t\t\t\t\t\t<h5 style=\"text-align: center;\"><span style=\"color: #dcd6b9;\">\u26a0\ufe0fEste parking no dispone de conexiones el\u00e9ctricas ni de agua.<\/span><\/h5><h5 style=\"text-align: center;\"><span style=\"color: #dcd6b9;\"> Es solo para aparcar camper o autocarvanas.<\/span><\/h5>\t\t\t\t\t\t\t\t<\/div>\n\t\t\t\t<div class=\"elementor-element elementor-element-a17ac37 elementor-widget elementor-widget-image\" data-id=\"a17ac37\" data-element_type=\"widget\" data-widget_type=\"image.default\">\n\t\t\t\t\t\t\t\t\t\t\t\t\t\t\t<img fetchpriority=\"high\" decoding=\"async\" width=\"768\" height=\"960\" src=\"https:\/\/aiarafest.com\/2025\/wp-content\/uploads\/2025\/05\/auto-768x960.jpg\" class=\"attachment-medium_large size-medium_large wp-image-1615\" alt=\"\" srcset=\"https:\/\/aiarafest.com\/2025\/wp-content\/uploads\/2025\/05\/auto-768x960.jpg 768w, https:\/\/aiarafest.com\/2025\/wp-content\/uploads\/2025\/05\/auto-240x300.jpg 240w, https:\/\/aiarafest.com\/2025\/wp-content\/uploads\/2025\/05\/auto-819x1024.jpg 819w, https:\/\/aiarafest.com\/2025\/wp-content\/uploads\/2025\/05\/auto.jpg 1081w\" sizes=\"(max-width: 768px) 100vw, 768px\" \/>\t\t\t\t\t\t\t\t\t\t\t\t\t\t\t<\/div>\n\t\t\t\t<\/div>\n\t\t\t\t\t<\/div>\n\t\t\t\t<\/div>\n\t\t\t\t<\/div>\n\t\t","protected":false},"excerpt":{"rendered":"<p>C\u00d3MO LLEGAR &#8220;EL REFOR&#8221; KIROL GUNEA &#8211; SALBADOR ALDAPA, 3, 01470 AMURRIO, ARABA POR LIBRE EN TREN AMURRIO CUENTA CON UNA ESTACI\u00d3N DE TREN CON SERVICIOS DE CERCAN\u00cdAS. LA ESTACI\u00d3N DE AVE M\u00c1S CERCANA ES LA DE BILBAO. EN COCHE EL RECINTO CUENTA CON ZONAS DE APARCAMIENTO, A LAS QUE SE SE ACCEDE A TRAV\u00c9S [&hellip;]<\/p>\n","protected":false},"author":1,"featured_media":0,"parent":0,"menu_order":0,"comment_status":"closed","ping_status":"closed","template":"","meta":{"footnotes":""},"class_list":["post-16","page","type-page","status-publish","hentry"],"yoast_head":"<!-- This site is optimized with the Yoast SEO plugin v26.7 - https:\/\/yoast.com\/wordpress\/plugins\/seo\/ -->\n<title>C\u00f3mo llegar - AiaraFest 2025<\/title>\n<meta name=\"description\" content=\"C\u00f3mo llegar a AiaraFest 2025 | Opciones de transporte, mapas y consejos para llegar al evento f\u00e1cilmente.\" \/>\n<meta name=\"robots\" content=\"index, follow, max-snippet:-1, max-image-preview:large, max-video-preview:-1\" \/>\n<link rel=\"canonical\" href=\"https:\/\/aiarafest.com\/2025\/como-llegar\/\" \/>\n<meta property=\"og:locale\" content=\"es_ES\" \/>\n<meta property=\"og:type\" content=\"article\" \/>\n<meta property=\"og:title\" content=\"C\u00f3mo llegar - AiaraFest 2025\" \/>\n<meta property=\"og:description\" content=\"C\u00f3mo llegar a AiaraFest 2025 | Opciones de transporte, mapas y consejos para llegar al evento f\u00e1cilmente.\" \/>\n<meta property=\"og:url\" content=\"https:\/\/aiarafest.com\/2025\/como-llegar\/\" \/>\n<meta property=\"og:site_name\" content=\"AiaraFest 2025\" \/>\n<meta property=\"article:publisher\" content=\"https:\/\/www.facebook.com\/profile.php?id=61571035340144\" \/>\n<meta property=\"article:modified_time\" content=\"2025-05-30T08:47:48+00:00\" \/>\n<meta property=\"og:image\" content=\"https:\/\/aiarafest.com\/wp-content\/uploads\/2025\/05\/auto-768x960.jpg\" \/>\n<meta name=\"twitter:card\" content=\"summary_large_image\" \/>\n<meta name=\"twitter:site\" content=\"@aiarafest\" \/>\n<!-- \/ Yoast SEO plugin. -->","yoast_head_json":{"title":"C\u00f3mo llegar - AiaraFest 2025","description":"C\u00f3mo llegar a AiaraFest 2025 | Opciones de transporte, mapas y consejos para llegar al evento f\u00e1cilmente.","robots":{"index":"index","follow":"follow","max-snippet":"max-snippet:-1","max-image-preview":"max-image-preview:large","max-video-preview":"max-video-preview:-1"},"canonical":"https:\/\/aiarafest.com\/2025\/como-llegar\/","og_locale":"es_ES","og_type":"article","og_title":"C\u00f3mo llegar - AiaraFest 2025","og_description":"C\u00f3mo llegar a AiaraFest 2025 | Opciones de transporte, mapas y consejos para llegar al evento f\u00e1cilmente.","og_url":"https:\/\/aiarafest.com\/2025\/como-llegar\/","og_site_name":"AiaraFest 2025","article_publisher":"https:\/\/www.facebook.com\/profile.php?id=61571035340144","article_modified_time":"2025-05-30T08:47:48+00:00","og_image":[{"url":"https:\/\/aiarafest.com\/wp-content\/uploads\/2025\/05\/auto-768x960.jpg","type":"","width":"","height":""}],"twitter_card":"summary_large_image","twitter_site":"@aiarafest","schema":{"@context":"https:\/\/schema.org","@graph":[{"@type":"WebPage","@id":"https:\/\/aiarafest.com\/2025\/como-llegar\/","url":"https:\/\/aiarafest.com\/2025\/como-llegar\/","name":"C\u00f3mo llegar - AiaraFest 2025","isPartOf":{"@id":"https:\/\/aiarafest.com\/2025\/#website"},"primaryImageOfPage":{"@id":"https:\/\/aiarafest.com\/2025\/como-llegar\/#primaryimage"},"image":{"@id":"https:\/\/aiarafest.com\/2025\/como-llegar\/#primaryimage"},"thumbnailUrl":"https:\/\/aiarafest.com\/wp-content\/uploads\/2025\/05\/auto-768x960.jpg","datePublished":"2024-12-02T14:49:01+00:00","dateModified":"2025-05-30T08:47:48+00:00","description":"C\u00f3mo llegar a AiaraFest 2025 | Opciones de transporte, mapas y consejos para llegar al evento f\u00e1cilmente.","breadcrumb":{"@id":"https:\/\/aiarafest.com\/2025\/como-llegar\/#breadcrumb"},"inLanguage":"es","potentialAction":[{"@type":"ReadAction","target":["https:\/\/aiarafest.com\/2025\/como-llegar\/"]}]},{"@type":"ImageObject","inLanguage":"es","@id":"https:\/\/aiarafest.com\/2025\/como-llegar\/#primaryimage","url":"https:\/\/aiarafest.com\/wp-content\/uploads\/2025\/05\/auto-768x960.jpg","contentUrl":"https:\/\/aiarafest.com\/wp-content\/uploads\/2025\/05\/auto-768x960.jpg"},{"@type":"BreadcrumbList","@id":"https:\/\/aiarafest.com\/2025\/como-llegar\/#breadcrumb","itemListElement":[{"@type":"ListItem","position":1,"name":"Portada","item":"https:\/\/aiarafest.com\/2025\/"},{"@type":"ListItem","position":2,"name":"C\u00f3mo llegar"}]},{"@type":"WebSite","@id":"https:\/\/aiarafest.com\/2025\/#website","url":"https:\/\/aiarafest.com\/2025\/","name":"AiaraFest","description":"","publisher":{"@id":"https:\/\/aiarafest.com\/2025\/#organization"},"potentialAction":[{"@type":"SearchAction","target":{"@type":"EntryPoint","urlTemplate":"https:\/\/aiarafest.com\/2025\/?s={search_term_string}"},"query-input":{"@type":"PropertyValueSpecification","valueRequired":true,"valueName":"search_term_string"}}],"inLanguage":"es"},{"@type":"Organization","@id":"https:\/\/aiarafest.com\/2025\/#organization","name":"AiaraFest","url":"https:\/\/aiarafest.com\/2025\/","logo":{"@type":"ImageObject","inLanguage":"es","@id":"https:\/\/aiarafest.com\/2025\/#\/schema\/logo\/image\/","url":"https:\/\/aiarafest.com\/wp-content\/uploads\/2024\/12\/logo-azul.png","contentUrl":"https:\/\/aiarafest.com\/wp-content\/uploads\/2024\/12\/logo-azul.png","width":300,"height":92,"caption":"AiaraFest"},"image":{"@id":"https:\/\/aiarafest.com\/2025\/#\/schema\/logo\/image\/"},"sameAs":["https:\/\/www.facebook.com\/profile.php?id=61571035340144","https:\/\/x.com\/aiarafest","https:\/\/www.instagram.com\/aiarafest","https:\/\/open.spotify.com\/user\/31bus3l3hlsioss5mewiily4izo4?si=8c19b7b31a46420d"]}]}},"_links":{"self":[{"href":"https:\/\/aiarafest.com\/2025\/wp-json\/wp\/v2\/pages\/16","targetHints":{"allow":["GET"]}}],"collection":[{"href":"https:\/\/aiarafest.com\/2025\/wp-json\/wp\/v2\/pages"}],"about":[{"href":"https:\/\/aiarafest.com\/2025\/wp-json\/wp\/v2\/types\/page"}],"author":[{"embeddable":true,"href":"https:\/\/aiarafest.com\/2025\/wp-json\/wp\/v2\/users\/1"}],"replies":[{"embeddable":true,"href":"https:\/\/aiarafest.com\/2025\/wp-json\/wp\/v2\/comments?post=16"}],"version-history":[{"count":79,"href":"https:\/\/aiarafest.com\/2025\/wp-json\/wp\/v2\/pages\/16\/revisions"}],"predecessor-version":[{"id":1619,"href":"https:\/\/aiarafest.com\/2025\/wp-json\/wp\/v2\/pages\/16\/revisions\/1619"}],"wp:attachment":[{"href":"https:\/\/aiarafest.com\/2025\/wp-json\/wp\/v2\/media?parent=16"}],"curies":[{"name":"wp","href":"https:\/\/api.w.org\/{rel}","templated":true}]}}