{"id":14,"date":"2024-12-02T15:48:38","date_gmt":"2024-12-02T14:48:38","guid":{"rendered":"http:\/\/jcohlqb.cluster027.hosting.ovh.net\/?page_id=14"},"modified":"2025-05-14T10:20:39","modified_gmt":"2025-05-14T09:20:39","slug":"cartel","status":"publish","type":"page","link":"https:\/\/aiarafest.com\/2025\/cartel\/","title":{"rendered":"Cartel"},"content":{"rendered":"\t\t<div data-elementor-type=\"wp-page\" data-elementor-id=\"14\" class=\"elementor elementor-14\">\n\t\t\t\t<div class=\"elementor-element elementor-element-2d44db3 e-flex e-con-boxed e-con e-parent\" data-id=\"2d44db3\" data-element_type=\"container\" data-settings=\"{&quot;background_background&quot;:&quot;classic&quot;}\">\n\t\t\t\t\t<div class=\"e-con-inner\">\n\t\t\t\t<div class=\"elementor-element elementor-element-4c2d4a7 elementor-widget elementor-widget-image\" data-id=\"4c2d4a7\" data-element_type=\"widget\" data-widget_type=\"image.default\">\n\t\t\t\t\t\t\t\t\t\t\t\t\t\t\t<img fetchpriority=\"high\" decoding=\"async\" width=\"2048\" height=\"2560\" src=\"https:\/\/aiarafest.com\/2025\/wp-content\/uploads\/2025\/02\/CARTEL-POR-DIAS-scaled.jpg\" class=\"attachment-full size-full wp-image-1137\" alt=\"\" srcset=\"https:\/\/aiarafest.com\/2025\/wp-content\/uploads\/2025\/02\/CARTEL-POR-DIAS-scaled.jpg 2048w, https:\/\/aiarafest.com\/2025\/wp-content\/uploads\/2025\/02\/CARTEL-POR-DIAS-240x300.jpg 240w, https:\/\/aiarafest.com\/2025\/wp-content\/uploads\/2025\/02\/CARTEL-POR-DIAS-819x1024.jpg 819w, https:\/\/aiarafest.com\/2025\/wp-content\/uploads\/2025\/02\/CARTEL-POR-DIAS-768x960.jpg 768w, https:\/\/aiarafest.com\/2025\/wp-content\/uploads\/2025\/02\/CARTEL-POR-DIAS-1229x1536.jpg 1229w, https:\/\/aiarafest.com\/2025\/wp-content\/uploads\/2025\/02\/CARTEL-POR-DIAS-1638x2048.jpg 1638w\" sizes=\"(max-width: 2048px) 100vw, 2048px\" \/>\t\t\t\t\t\t\t\t\t\t\t\t\t\t\t<\/div>\n\t\t\t\t\t<\/div>\n\t\t\t\t<\/div>\n\t\t\t\t<\/div>\n\t\t","protected":false},"excerpt":{"rendered":"","protected":false},"author":1,"featured_media":0,"parent":0,"menu_order":0,"comment_status":"closed","ping_status":"closed","template":"","meta":{"footnotes":""},"class_list":["post-14","page","type-page","status-publish","hentry"],"yoast_head":"<!-- This site is optimized with the Yoast SEO plugin v26.7 - https:\/\/yoast.com\/wordpress\/plugins\/seo\/ -->\n<title>Cartel - AiaraFest 2025<\/title>\n<meta name=\"description\" content=\"Cartel oficial de AiaraFest 2025. Artistas confirmados. Descubre qui\u00e9nes estar\u00e1n sobre el escenario. Pr\u00f3ximamente nuevos nombres y sorpresas.\" \/>\n<meta name=\"robots\" content=\"index, follow, max-snippet:-1, max-image-preview:large, max-video-preview:-1\" \/>\n<link rel=\"canonical\" href=\"https:\/\/aiarafest.com\/2025\/cartel\/\" \/>\n<meta property=\"og:locale\" content=\"es_ES\" \/>\n<meta property=\"og:type\" content=\"article\" \/>\n<meta property=\"og:title\" content=\"Cartel - AiaraFest 2025\" \/>\n<meta property=\"og:description\" content=\"Cartel oficial de AiaraFest 2025. Artistas confirmados. Descubre qui\u00e9nes estar\u00e1n sobre el escenario. Pr\u00f3ximamente nuevos nombres y sorpresas.\" \/>\n<meta property=\"og:url\" content=\"https:\/\/aiarafest.com\/2025\/cartel\/\" \/>\n<meta property=\"og:site_name\" content=\"AiaraFest 2025\" \/>\n<meta property=\"article:publisher\" content=\"https:\/\/www.facebook.com\/profile.php?id=61571035340144\" \/>\n<meta property=\"article:modified_time\" content=\"2025-05-14T09:20:39+00:00\" \/>\n<meta property=\"og:image\" content=\"https:\/\/aiarafest.com\/wp-content\/uploads\/2025\/02\/CARTEL-POR-DIAS-scaled.jpg\" \/>\n<meta name=\"twitter:card\" content=\"summary_large_image\" \/>\n<meta name=\"twitter:site\" content=\"@aiarafest\" \/>\n<!-- \/ Yoast SEO plugin. -->","yoast_head_json":{"title":"Cartel - AiaraFest 2025","description":"Cartel oficial de AiaraFest 2025. Artistas confirmados. Descubre qui\u00e9nes estar\u00e1n sobre el escenario. Pr\u00f3ximamente nuevos nombres y sorpresas.","robots":{"index":"index","follow":"follow","max-snippet":"max-snippet:-1","max-image-preview":"max-image-preview:large","max-video-preview":"max-video-preview:-1"},"canonical":"https:\/\/aiarafest.com\/2025\/cartel\/","og_locale":"es_ES","og_type":"article","og_title":"Cartel - AiaraFest 2025","og_description":"Cartel oficial de AiaraFest 2025. Artistas confirmados. Descubre qui\u00e9nes estar\u00e1n sobre el escenario. Pr\u00f3ximamente nuevos nombres y sorpresas.","og_url":"https:\/\/aiarafest.com\/2025\/cartel\/","og_site_name":"AiaraFest 2025","article_publisher":"https:\/\/www.facebook.com\/profile.php?id=61571035340144","article_modified_time":"2025-05-14T09:20:39+00:00","og_image":[{"url":"https:\/\/aiarafest.com\/wp-content\/uploads\/2025\/02\/CARTEL-POR-DIAS-scaled.jpg","type":"","width":"","height":""}],"twitter_card":"summary_large_image","twitter_site":"@aiarafest","schema":{"@context":"https:\/\/schema.org","@graph":[{"@type":"WebPage","@id":"https:\/\/aiarafest.com\/2025\/cartel\/","url":"https:\/\/aiarafest.com\/2025\/cartel\/","name":"Cartel - AiaraFest 2025","isPartOf":{"@id":"https:\/\/aiarafest.com\/2025\/#website"},"primaryImageOfPage":{"@id":"https:\/\/aiarafest.com\/2025\/cartel\/#primaryimage"},"image":{"@id":"https:\/\/aiarafest.com\/2025\/cartel\/#primaryimage"},"thumbnailUrl":"https:\/\/aiarafest.com\/wp-content\/uploads\/2025\/02\/CARTEL-POR-DIAS-scaled.jpg","datePublished":"2024-12-02T14:48:38+00:00","dateModified":"2025-05-14T09:20:39+00:00","description":"Cartel oficial de AiaraFest 2025. Artistas confirmados. Descubre qui\u00e9nes estar\u00e1n sobre el escenario. Pr\u00f3ximamente nuevos nombres y sorpresas.","breadcrumb":{"@id":"https:\/\/aiarafest.com\/2025\/cartel\/#breadcrumb"},"inLanguage":"es","potentialAction":[{"@type":"ReadAction","target":["https:\/\/aiarafest.com\/2025\/cartel\/"]}]},{"@type":"ImageObject","inLanguage":"es","@id":"https:\/\/aiarafest.com\/2025\/cartel\/#primaryimage","url":"https:\/\/aiarafest.com\/wp-content\/uploads\/2025\/02\/CARTEL-POR-DIAS-scaled.jpg","contentUrl":"https:\/\/aiarafest.com\/wp-content\/uploads\/2025\/02\/CARTEL-POR-DIAS-scaled.jpg"},{"@type":"BreadcrumbList","@id":"https:\/\/aiarafest.com\/2025\/cartel\/#breadcrumb","itemListElement":[{"@type":"ListItem","position":1,"name":"Portada","item":"https:\/\/aiarafest.com\/2025\/"},{"@type":"ListItem","position":2,"name":"Cartel"}]},{"@type":"WebSite","@id":"https:\/\/aiarafest.com\/2025\/#website","url":"https:\/\/aiarafest.com\/2025\/","name":"AiaraFest","description":"","publisher":{"@id":"https:\/\/aiarafest.com\/2025\/#organization"},"potentialAction":[{"@type":"SearchAction","target":{"@type":"EntryPoint","urlTemplate":"https:\/\/aiarafest.com\/2025\/?s={search_term_string}"},"query-input":{"@type":"PropertyValueSpecification","valueRequired":true,"valueName":"search_term_string"}}],"inLanguage":"es"},{"@type":"Organization","@id":"https:\/\/aiarafest.com\/2025\/#organization","name":"AiaraFest","url":"https:\/\/aiarafest.com\/2025\/","logo":{"@type":"ImageObject","inLanguage":"es","@id":"https:\/\/aiarafest.com\/2025\/#\/schema\/logo\/image\/","url":"https:\/\/aiarafest.com\/wp-content\/uploads\/2024\/12\/logo-azul.png","contentUrl":"https:\/\/aiarafest.com\/wp-content\/uploads\/2024\/12\/logo-azul.png","width":300,"height":92,"caption":"AiaraFest"},"image":{"@id":"https:\/\/aiarafest.com\/2025\/#\/schema\/logo\/image\/"},"sameAs":["https:\/\/www.facebook.com\/profile.php?id=61571035340144","https:\/\/x.com\/aiarafest","https:\/\/www.instagram.com\/aiarafest","https:\/\/open.spotify.com\/user\/31bus3l3hlsioss5mewiily4izo4?si=8c19b7b31a46420d"]}]}},"_links":{"self":[{"href":"https:\/\/aiarafest.com\/2025\/wp-json\/wp\/v2\/pages\/14","targetHints":{"allow":["GET"]}}],"collection":[{"href":"https:\/\/aiarafest.com\/2025\/wp-json\/wp\/v2\/pages"}],"about":[{"href":"https:\/\/aiarafest.com\/2025\/wp-json\/wp\/v2\/types\/page"}],"author":[{"embeddable":true,"href":"https:\/\/aiarafest.com\/2025\/wp-json\/wp\/v2\/users\/1"}],"replies":[{"embeddable":true,"href":"https:\/\/aiarafest.com\/2025\/wp-json\/wp\/v2\/comments?post=14"}],"version-history":[{"count":43,"href":"https:\/\/aiarafest.com\/2025\/wp-json\/wp\/v2\/pages\/14\/revisions"}],"predecessor-version":[{"id":1244,"href":"https:\/\/aiarafest.com\/2025\/wp-json\/wp\/v2\/pages\/14\/revisions\/1244"}],"wp:attachment":[{"href":"https:\/\/aiarafest.com\/2025\/wp-json\/wp\/v2\/media?parent=14"}],"curies":[{"name":"wp","href":"https:\/\/api.w.org\/{rel}","templated":true}]}}