{"id":1388,"date":"2025-05-22T17:28:30","date_gmt":"2025-05-22T16:28:30","guid":{"rendered":"https:\/\/aiarafest.com\/?page_id=1388"},"modified":"2025-06-03T09:35:37","modified_gmt":"2025-06-03T08:35:37","slug":"pulsera","status":"publish","type":"page","link":"https:\/\/aiarafest.com\/2025\/pulsera\/","title":{"rendered":"Pulsera"},"content":{"rendered":"\t\t<div data-elementor-type=\"wp-page\" data-elementor-id=\"1388\" class=\"elementor elementor-1388\">\n\t\t\t\t<div class=\"elementor-element elementor-element-2d44db3 e-flex e-con-boxed e-con e-parent\" data-id=\"2d44db3\" data-element_type=\"container\" data-settings=\"{&quot;background_background&quot;:&quot;classic&quot;}\">\n\t\t\t\t\t<div class=\"e-con-inner\">\n\t\t\t\t<div class=\"elementor-element elementor-element-4c2d4a7 elementor-widget elementor-widget-image\" data-id=\"4c2d4a7\" data-element_type=\"widget\" data-widget_type=\"image.default\">\n\t\t\t\t\t\t\t\t\t\t\t\t\t\t\t<img fetchpriority=\"high\" decoding=\"async\" width=\"918\" height=\"415\" src=\"https:\/\/aiarafest.com\/2025\/wp-content\/uploads\/2025\/05\/pulsera-1-e1747896977870.webp\" class=\"attachment-full size-full wp-image-1406\" alt=\"\" srcset=\"https:\/\/aiarafest.com\/2025\/wp-content\/uploads\/2025\/05\/pulsera-1-e1747896977870.webp 918w, https:\/\/aiarafest.com\/2025\/wp-content\/uploads\/2025\/05\/pulsera-1-e1747896977870-300x136.webp 300w, https:\/\/aiarafest.com\/2025\/wp-content\/uploads\/2025\/05\/pulsera-1-e1747896977870-768x347.webp 768w\" sizes=\"(max-width: 918px) 100vw, 918px\" \/>\t\t\t\t\t\t\t\t\t\t\t\t\t\t\t<\/div>\n\t\t\t\t<div class=\"elementor-element elementor-element-0d7b860 elementor-widget elementor-widget-heading\" data-id=\"0d7b860\" data-element_type=\"widget\" data-widget_type=\"heading.default\">\n\t\t\t\t\t<h2 class=\"elementor-heading-title elementor-size-default\"><a href=\"https:\/\/cashless.idasfest.com\/eventos\/devolucion\/2824\" target=\"_blank\"><u><b>SOLICITA AQU\u00cd LA DEVOLUCI\u00d3N DE TU SALDO RESTANTE<\/b><\/u><\/a><\/h2>\t\t\t\t<\/div>\n\t\t\t\t<div class=\"elementor-element elementor-element-5787672 elementor-widget elementor-widget-text-editor\" data-id=\"5787672\" data-element_type=\"widget\" data-widget_type=\"text-editor.default\">\n\t\t\t\t\t\t\t\t\t<p><span style=\"color: #f85453;\"><strong>EL PLAZO DE SOLICITUD DE DEVOLUCI\u00d3N DE SALDO SER\u00c1 DEL MARTES 3 DE JUNIO A LAS 10:00 HASTA EL MI\u00c9RCOLES 18 DE JUNIO A LAS 10:00<\/strong><\/span><\/p>\t\t\t\t\t\t\t\t<\/div>\n\t\t\t\t<div class=\"elementor-element elementor-element-791cfc9 elementor-widget elementor-widget-text-editor\" data-id=\"791cfc9\" data-element_type=\"widget\" data-widget_type=\"text-editor.default\">\n\t\t\t\t\t\t\t\t\t<p>Un a\u00f1o m\u00e1s, gracias a CASFID e IDASFEST tu pulsera de Aiara fest ser\u00e1 todo lo que necesites para pasar un festival inolvidable. Recarga cuanto quieras y si cuando vuelvas a casa te queda saldo, solicita la devoluci\u00f3n la semana tras el festival y se te transferir\u00e1 el saldo restante*.<\/p><p><b>\u00bfC\u00f3mo funciona?<\/b><\/p><p>La pulsera ser\u00e1 entregada el d\u00eda del festival tras validar tu entrada. Ser\u00e1 obligatoria para acceder y salir del recinto todos los d\u00edas, y el m\u00e9todo de adquisici\u00f3n de bebida, comida y merchandising. Si has realizado recarga anticipada a trav\u00e9s de esta web, tu dinero estar\u00e1 ya disponible y tu pulsera lista para usar cuando te la entreguemos.<\/p><p><b>\u00bfC\u00f3mo cargar tu pulsera?\u00a0<\/b><\/p><p>Recarga anticipada:\u00a0 Puedes cargar tu pulsera desde tu casa y as\u00ed evitar esperas dentro del recinto del festival.<\/p><p>Recarga in situ: Si no quieres hacer la precarga de manera anticipada, en el recinto de conciertos tendr\u00e1s disponibles puntos de carga presenciales (donde podr\u00e1s cargar el importe exacto que desees) ya sea con tarjeta o en efectivo.<\/p><p>Adem\u00e1s, las pulseras llevar\u00e1n un QR en el chip que podr\u00e1s escanear y recargar est\u00e9s donde est\u00e9s.<\/p><p>\u00a1Y a disfrutar! Las consumiciones en barra y food market se pagar\u00e1n a trav\u00e9s de la pulsera, y podr\u00e1s consultar tu saldo en todo momento.<\/p><p><b>\u00bfQu\u00e9 necesitas?\u00a0<\/b><\/p><p>Accede en <a href=\"https:\/\/cashless.idasfest.com\/eventos\/recarga\/2824\"><strong>este enlace de CASFID \/ IDASFEST<\/strong><\/a>, y ten a mano el c\u00f3digo de tu entrada (Si compraste la entrada en See Tickets, es el n\u00famero que empieza por $ incluyendo el s\u00edmbolo, no el n\u00famero de referencia del pedido) para a\u00f1adir el evento de Aiara fest 2025 a tu cuenta y asociar la recarga a la misma. Cuando se te entregue la pulsera al llegar al festival, ya incluir\u00e1 el saldo.<\/p><p>Si tienes alguna incidencia, escribe a <a href=\"mailto:cashless@idasfest.es\"><b>cashless@idasfest.es<\/b><\/a><b><\/b><\/p><p><b>* T\u00e9rminos y Condiciones<\/b><\/p><p>\u2013 El periodo de devoluciones comenzar\u00e1 el martes 3 de Junio a las 10:00 de la ma\u00f1ana y finalizar\u00e1 el mi\u00e9rcoles 18 de Junio a las 10:00. La solicitud se debe realizar en el propio perfil de cada usuario. Cada operaci\u00f3n tendr\u00e1 un cargo de 1,75\u20ac por gastos de gesti\u00f3n y transferencia. Si quieres evitar la devoluci\u00f3n, en los puntos de recarga presenciales del recinto podr\u00e1s cargar el importe exacto que necesites para dejar tu saldo a cero con tu \u00faltima consumici\u00f3n.<\/p><p>\u2013 El saldo de promociones, concursos, etc. no es reembolsable<\/p>\t\t\t\t\t\t\t\t<\/div>\n\t\t\t\t\t<\/div>\n\t\t\t\t<\/div>\n\t\t\t\t<\/div>\n\t\t","protected":false},"excerpt":{"rendered":"<p>SOLICITA AQU\u00cd LA DEVOLUCI\u00d3N DE TU SALDO RESTANTE EL PLAZO DE SOLICITUD DE DEVOLUCI\u00d3N DE SALDO SER\u00c1 DEL MARTES 3 DE JUNIO A LAS 10:00 HASTA EL MI\u00c9RCOLES 18 DE JUNIO A LAS 10:00 Un a\u00f1o m\u00e1s, gracias a CASFID e IDASFEST tu pulsera de Aiara fest ser\u00e1 todo lo que necesites para pasar un [&hellip;]<\/p>\n","protected":false},"author":2,"featured_media":0,"parent":0,"menu_order":0,"comment_status":"closed","ping_status":"closed","template":"","meta":{"footnotes":""},"class_list":["post-1388","page","type-page","status-publish","hentry"],"yoast_head":"<!-- This site is optimized with the Yoast SEO plugin v26.7 - https:\/\/yoast.com\/wordpress\/plugins\/seo\/ -->\n<title>Pulsera - AiaraFest 2025<\/title>\n<meta name=\"description\" content=\"Cartel oficial de AiaraFest 2025. Artistas confirmados. Descubre qui\u00e9nes estar\u00e1n sobre el escenario. Pr\u00f3ximamente nuevos nombres y sorpresas.\" \/>\n<meta name=\"robots\" content=\"index, follow, max-snippet:-1, max-image-preview:large, max-video-preview:-1\" \/>\n<link rel=\"canonical\" href=\"https:\/\/aiarafest.com\/2025\/pulsera\/\" \/>\n<meta property=\"og:locale\" content=\"es_ES\" \/>\n<meta property=\"og:type\" content=\"article\" \/>\n<meta property=\"og:title\" content=\"Pulsera - AiaraFest 2025\" \/>\n<meta property=\"og:description\" content=\"Cartel oficial de AiaraFest 2025. Artistas confirmados. Descubre qui\u00e9nes estar\u00e1n sobre el escenario. Pr\u00f3ximamente nuevos nombres y sorpresas.\" \/>\n<meta property=\"og:url\" content=\"https:\/\/aiarafest.com\/2025\/pulsera\/\" \/>\n<meta property=\"og:site_name\" content=\"AiaraFest 2025\" \/>\n<meta property=\"article:publisher\" content=\"https:\/\/www.facebook.com\/profile.php?id=61571035340144\" \/>\n<meta property=\"article:modified_time\" content=\"2025-06-03T08:35:37+00:00\" \/>\n<meta property=\"og:image\" content=\"https:\/\/aiarafest.com\/wp-content\/uploads\/2025\/05\/pulsera-1-e1747896977870.webp\" \/>\n<meta name=\"twitter:card\" content=\"summary_large_image\" \/>\n<meta name=\"twitter:site\" content=\"@aiarafest\" \/>\n<!-- \/ Yoast SEO plugin. -->","yoast_head_json":{"title":"Pulsera - AiaraFest 2025","description":"Cartel oficial de AiaraFest 2025. Artistas confirmados. Descubre qui\u00e9nes estar\u00e1n sobre el escenario. Pr\u00f3ximamente nuevos nombres y sorpresas.","robots":{"index":"index","follow":"follow","max-snippet":"max-snippet:-1","max-image-preview":"max-image-preview:large","max-video-preview":"max-video-preview:-1"},"canonical":"https:\/\/aiarafest.com\/2025\/pulsera\/","og_locale":"es_ES","og_type":"article","og_title":"Pulsera - AiaraFest 2025","og_description":"Cartel oficial de AiaraFest 2025. Artistas confirmados. Descubre qui\u00e9nes estar\u00e1n sobre el escenario. Pr\u00f3ximamente nuevos nombres y sorpresas.","og_url":"https:\/\/aiarafest.com\/2025\/pulsera\/","og_site_name":"AiaraFest 2025","article_publisher":"https:\/\/www.facebook.com\/profile.php?id=61571035340144","article_modified_time":"2025-06-03T08:35:37+00:00","og_image":[{"url":"https:\/\/aiarafest.com\/wp-content\/uploads\/2025\/05\/pulsera-1-e1747896977870.webp","type":"","width":"","height":""}],"twitter_card":"summary_large_image","twitter_site":"@aiarafest","schema":{"@context":"https:\/\/schema.org","@graph":[{"@type":"WebPage","@id":"https:\/\/aiarafest.com\/2025\/pulsera\/","url":"https:\/\/aiarafest.com\/2025\/pulsera\/","name":"Pulsera - AiaraFest 2025","isPartOf":{"@id":"https:\/\/aiarafest.com\/2025\/#website"},"primaryImageOfPage":{"@id":"https:\/\/aiarafest.com\/2025\/pulsera\/#primaryimage"},"image":{"@id":"https:\/\/aiarafest.com\/2025\/pulsera\/#primaryimage"},"thumbnailUrl":"https:\/\/aiarafest.com\/wp-content\/uploads\/2025\/05\/pulsera-1-e1747896977870.webp","datePublished":"2025-05-22T16:28:30+00:00","dateModified":"2025-06-03T08:35:37+00:00","description":"Cartel oficial de AiaraFest 2025. Artistas confirmados. Descubre qui\u00e9nes estar\u00e1n sobre el escenario. Pr\u00f3ximamente nuevos nombres y sorpresas.","breadcrumb":{"@id":"https:\/\/aiarafest.com\/2025\/pulsera\/#breadcrumb"},"inLanguage":"es","potentialAction":[{"@type":"ReadAction","target":["https:\/\/aiarafest.com\/2025\/pulsera\/"]}]},{"@type":"ImageObject","inLanguage":"es","@id":"https:\/\/aiarafest.com\/2025\/pulsera\/#primaryimage","url":"https:\/\/aiarafest.com\/wp-content\/uploads\/2025\/05\/pulsera-1-e1747896977870.webp","contentUrl":"https:\/\/aiarafest.com\/wp-content\/uploads\/2025\/05\/pulsera-1-e1747896977870.webp"},{"@type":"BreadcrumbList","@id":"https:\/\/aiarafest.com\/2025\/pulsera\/#breadcrumb","itemListElement":[{"@type":"ListItem","position":1,"name":"Portada","item":"https:\/\/aiarafest.com\/2025\/"},{"@type":"ListItem","position":2,"name":"Pulsera"}]},{"@type":"WebSite","@id":"https:\/\/aiarafest.com\/2025\/#website","url":"https:\/\/aiarafest.com\/2025\/","name":"AiaraFest","description":"","publisher":{"@id":"https:\/\/aiarafest.com\/2025\/#organization"},"potentialAction":[{"@type":"SearchAction","target":{"@type":"EntryPoint","urlTemplate":"https:\/\/aiarafest.com\/2025\/?s={search_term_string}"},"query-input":{"@type":"PropertyValueSpecification","valueRequired":true,"valueName":"search_term_string"}}],"inLanguage":"es"},{"@type":"Organization","@id":"https:\/\/aiarafest.com\/2025\/#organization","name":"AiaraFest","url":"https:\/\/aiarafest.com\/2025\/","logo":{"@type":"ImageObject","inLanguage":"es","@id":"https:\/\/aiarafest.com\/2025\/#\/schema\/logo\/image\/","url":"https:\/\/aiarafest.com\/wp-content\/uploads\/2024\/12\/logo-azul.png","contentUrl":"https:\/\/aiarafest.com\/wp-content\/uploads\/2024\/12\/logo-azul.png","width":300,"height":92,"caption":"AiaraFest"},"image":{"@id":"https:\/\/aiarafest.com\/2025\/#\/schema\/logo\/image\/"},"sameAs":["https:\/\/www.facebook.com\/profile.php?id=61571035340144","https:\/\/x.com\/aiarafest","https:\/\/www.instagram.com\/aiarafest","https:\/\/open.spotify.com\/user\/31bus3l3hlsioss5mewiily4izo4?si=8c19b7b31a46420d"]}]}},"_links":{"self":[{"href":"https:\/\/aiarafest.com\/2025\/wp-json\/wp\/v2\/pages\/1388","targetHints":{"allow":["GET"]}}],"collection":[{"href":"https:\/\/aiarafest.com\/2025\/wp-json\/wp\/v2\/pages"}],"about":[{"href":"https:\/\/aiarafest.com\/2025\/wp-json\/wp\/v2\/types\/page"}],"author":[{"embeddable":true,"href":"https:\/\/aiarafest.com\/2025\/wp-json\/wp\/v2\/users\/2"}],"replies":[{"embeddable":true,"href":"https:\/\/aiarafest.com\/2025\/wp-json\/wp\/v2\/comments?post=1388"}],"version-history":[{"count":52,"href":"https:\/\/aiarafest.com\/2025\/wp-json\/wp\/v2\/pages\/1388\/revisions"}],"predecessor-version":[{"id":1634,"href":"https:\/\/aiarafest.com\/2025\/wp-json\/wp\/v2\/pages\/1388\/revisions\/1634"}],"wp:attachment":[{"href":"https:\/\/aiarafest.com\/2025\/wp-json\/wp\/v2\/media?parent=1388"}],"curies":[{"name":"wp","href":"https:\/\/api.w.org\/{rel}","templated":true}]}}