{"id":393,"date":"2024-12-02T15:51:33","date_gmt":"2024-12-02T14:51:33","guid":{"rendered":"https:\/\/aiarafest.com\/?page_id=393"},"modified":"2024-12-09T10:51:30","modified_gmt":"2024-12-09T09:51:30","slug":"cookien-politika","status":"publish","type":"page","link":"https:\/\/aiarafest.com\/2025\/eu\/cookien-politika\/","title":{"rendered":"Cookien politika"},"content":{"rendered":"\t\t<div data-elementor-type=\"wp-page\" data-elementor-id=\"393\" class=\"elementor elementor-393\">\n\t\t\t\t<div class=\"elementor-element elementor-element-6debc73c e-flex e-con-boxed e-con e-parent\" data-id=\"6debc73c\" data-element_type=\"container\">\n\t\t\t\t\t<div class=\"e-con-inner\">\n\t\t\t\t<div class=\"elementor-element elementor-element-33deaa68 elementor-widget elementor-widget-heading\" data-id=\"33deaa68\" data-element_type=\"widget\" data-widget_type=\"heading.default\">\n\t\t\t\t\t<h1 class=\"elementor-heading-title elementor-size-default\">COOKIEN POLITIKA<\/h1>\t\t\t\t<\/div>\n\t\t\t\t\t<\/div>\n\t\t\t\t<\/div>\n\t\t<div class=\"elementor-element elementor-element-18b32a26 e-flex e-con-boxed e-con e-parent\" data-id=\"18b32a26\" data-element_type=\"container\">\n\t\t\t\t\t<div class=\"e-con-inner\">\n\t\t\t\t<div class=\"elementor-element elementor-element-2d6b6d4b elementor-widget elementor-widget-text-editor\" data-id=\"2d6b6d4b\" data-element_type=\"widget\" data-widget_type=\"text-editor.default\">\n\t\t\t\t\t\t\t\t\t<h2><strong>\u00bfQu\u00e9 son las cookies?<\/strong><\/h2><p>En ingl\u00e9s, el t\u00e9rmino \u00abcookie\u00bb significa galleta, pero en el \u00e1mbito de la navegaci\u00f3n web, una \u00abcookie\u00bb es algo completamente distinto. Cuando accede a nuestro Sitio Web, en el navegador de su dispositivo se almacena una peque\u00f1a cantidad de texto que se denomina \u00abcookie\u00bb. Este texto contiene informaci\u00f3n variada sobre su navegaci\u00f3n, h\u00e1bitos, preferencias, personalizaciones de contenidos, etc\u2026<\/p><p>Existen otras tecnolog\u00edas que funcionan de manera similar y que tambi\u00e9n se usan para recopilar datos sobre tu actividad de navegaci\u00f3n. Llamaremos \u00abcookies\u00bb a todas estas tecnolog\u00edas en su conjunto.<\/p><p>Los usos concretos que hacemos de estas tecnolog\u00edas se describen en el presente documento.<\/p><h2><strong>\u00bfPara qu\u00e9 se utilizan las cookies en esta web?<\/strong><\/h2><p>Las cookies son una parte esencial de c\u00f3mo funciona el Sitio Web. El objetivo principal de nuestras cookies es mejorar su experiencia en la navegaci\u00f3n. Por ejemplo, para recordar sus preferencias (idioma, pa\u00eds, etc.) durante la navegaci\u00f3n y en futuras visitas. La informaci\u00f3n recogida en las cookies nos permite adem\u00e1s mejorar la web, adaptarla a sus intereses como usuario, acelerar las b\u00fasquedas que realice, etc..<\/p><p>En determinados casos, si hemos obtenido su previo consentimiento informado, podremos utilizar cookies para otros usos, como por ejemplo para obtener informaci\u00f3n que nos permita mostrarle publicidad basada en el an\u00e1lisis de sus h\u00e1bitos de navegaci\u00f3n.<\/p><h2><strong>\u00bfPara qu\u00e9 NO se utilizan las cookies en esta web?<\/strong><\/h2><p>En las cookies que utilizamos no se almacena informaci\u00f3n sensible de identificaci\u00f3n personal como su nombre, direcci\u00f3n, tu contrase\u00f1a, etc\u2026<\/p><h2><strong>\u00bfQui\u00e9n utiliza la informaci\u00f3n almacenada en las cookies?<\/strong><\/h2><p>La informaci\u00f3n almacenada en las cookies de nuestro Sitio Web es utilizada exclusivamente por nosotros, a excepci\u00f3n de aquellas identificadas m\u00e1s adelante como \u00abcookie de terceros\u00bb, que son utilizadas y gestionadas por entidades externas que nos proporcionan servicios que mejoran la experiencia del usuario. Por ejemplo las estad\u00edsticas que se recogen sobre el n\u00famero de visitas, el contenido que m\u00e1s gusta, etc\u2026 lo suele gestionar Google Analytics.<\/p><h2><strong>\u00bfC\u00f3mo puede evitar el uso de cookies en este Sitio Web?<\/strong><\/h2><p>Si prefiere evitar el uso de las cookies, puede RECHAZAR su uso o puede CONFIGURAR las que quiere evitar y las que permite utilizar (en este documento le damos informaci\u00f3n ampliada al respecto de cada tipo de cookie, su finalidad, destinatario, temporalidad, etc\u2026 ).<\/p><p>Si las ha aceptado, no volveremos a preguntarle a menos que borre las cookies en su dispositivo seg\u00fan se indica en el apartado siguiente. Si quiere revocar el consentimiento tendr\u00e1 que eliminar las cookies y volver a configurarlas.<\/p><h2><strong>\u00bfC\u00f3mo deshabilito y elimino la utilizaci\u00f3n de cookies?<\/strong><\/h2><p>Para restringir, bloquear o borrar las cookies de este Sitio Web (y las usada por terceros) puede hacerlo, en cualquier momento, modificando la configuraci\u00f3n de su navegador. Tenga en cuenta que esta configuraci\u00f3n es diferente en cada navegador.<\/p><p>En los siguientes enlaces encontrar\u00e1 instrucciones para habilitar o deshabilitar las cookies en los navegadores m\u00e1s comunes.<\/p><ul><li><a href=\"http:\/\/support.mozilla.org\/es\/kb\/habilitar-y-deshabilitar-cookies-que-los-sitios-we\">Firefox<\/a><\/li><li><a href=\"https:\/\/support.google.com\/chrome\/answer\/95647?hl=es\">Google Chrome<\/a><\/li><li><a href=\"https:\/\/support.microsoft.com\/es-es\/help\/17442\/windows-internet-explorer-delete-manage-cookies#ie=%22ie-10\">Internet Explorer<\/a><\/li><li><a href=\"https:\/\/support.microsoft.com\/es-es\/help\/4468242\/microsoft-edge-browsing-data-and-privacy\">Microsoft Edge<\/a><\/li><li><a href=\"http:\/\/support.apple.com\/kb\/HT1677?viewlocale=es_ES\">Safari<\/a><\/li><\/ul><h2><strong>\u00bfQu\u00e9 tipos de cookies se utilizan en esta p\u00e1gina web?<\/strong><\/h2><p>Cada p\u00e1gina web utiliza sus propias cookies. En nuestra web utilizamos las que se indican a continuaci\u00f3n:<\/p><p>SEG\u00daN LA ENTIDAD QUE LO GESTIONA<\/p><p>Cookies propias:<\/p><p>Son aquellas que se env\u00edan al equipo terminal del Usuario desde un equipo o dominio gestionado por el propio editor y desde el que se presta el servicio solicitado por el Usuario.<\/p><p>Cookies de terceros:<\/p><p>Son aquellas que se env\u00edan al equipo terminal del Usuario desde un equipo o dominio que no es gestionado por el editor, sino por otra entidad que trata los datos obtenidos trav\u00e9s de las cookies.<\/p><p>En el caso de que las cookies sean servidas desde un equipo o dominio gestionado por el propio editor, pero la informaci\u00f3n que se recoja mediante estas sea gestionada por un tercero, no pueden ser consideradas como cookies propias si el tercero las utiliza para sus propias finalidades (por ejemplo, la mejora de los servicios que presta o la prestaci\u00f3n de servicios de car\u00e1cter publicitario a favor de otras entidades).<\/p><p>SEG\u00daN SU FINALIDAD<\/p><p>Cookies t\u00e9cnicas:<\/p><p>Son aquellas necesarias para la navegaci\u00f3n y el buen funcionamiento de nuestro Sitio Web, como por ejemplo, controlar el tr\u00e1fico y la comunicaci\u00f3n de datos, identificar la sesi\u00f3n, acceder a partes de acceso restringido, realizar la solicitud de inscripci\u00f3n o participaci\u00f3n en un evento, contar visitas a efectos de la facturaci\u00f3n de licencias del software con el que funciona el servicio del Sitio Web, utilizar elementos de seguridad durante la navegaci\u00f3n, almacenar contenidos para la difusi\u00f3n de v\u00eddeos o sonido, habilitar contenidos din\u00e1micos (por ejemplo, animaci\u00f3n de carga de un texto o imagen) o compartir contenidos a trav\u00e9s de redes sociales.<\/p><p>Cookies de an\u00e1lisis:<\/p><p>Permiten cuantificar el n\u00famero de usuarios y as\u00ed realizar la medici\u00f3n y an\u00e1lisis estad\u00edstico de la utilizaci\u00f3n que hacen los usuarios del Sitio Web.<\/p><p>Cookies de preferencias o personalizaci\u00f3n:<\/p><p>Son aquellas que permiten recordar informaci\u00f3n para que el Usuario acceda al servicio con determinadas caracter\u00edsticas que pueden diferenciar su experiencia de la de otros usuarios, como, por ejemplo, el idioma, el n\u00famero de resultados a mostrar cuando el Usuario realiza una b\u00fasqueda, el aspecto o contenido del servicio en funci\u00f3n del tipo de navegador a trav\u00e9s del cual el Usuario accede al servicio o de la regi\u00f3n desde la que accede al servicio, etc.<\/p><p>Publicitarias comportamentales:<\/p><p>Son aquellas que, tratadas por nosotros o por terceros, nos permiten analizar sus h\u00e1bitos de navegaci\u00f3n en Internet para que podamos mostrarle publicidad relacionada con su perfil de navegaci\u00f3n.<\/p><p>Cookies de afiliaci\u00f3n:<\/p><p>Son aquellas que permiten hacer un seguimiento de las visitas procedentes de otras webs, con las que el Titular tiene un contrato de afiliaci\u00f3n.<\/p><p>El Titular participa en el Programa de Afiliados de Amazon EU. Amazon y otros anunciantes pueden instalar cookies en su equipo que sirven para obtener informaci\u00f3n, ofrecerle anuncios, mostrar contenido basado en sus intereses o para hacer un seguimiento de su navegaci\u00f3n, guardando la informaci\u00f3n de afiliado por si realiza una compra en las siguientes 24 horas.<\/p><p>Encontrar\u00e1 m\u00e1s informaci\u00f3n en: <a href=\"https:\/\/afiliados.amazon.es\/\">Programa de afiliados de Amazon<\/a>. <a href=\"https:\/\/www.amazon.es\/gp\/help\/customer\/display.html\/?nodeId=201909150\">Aviso sobre publicidad basada en los intereses del usuario.<\/a><\/p><p>SEG\u00daN EL PLAZO DE TIEMPO QUE PERMANECEN ACTIVADAS<\/p><p>Cookies de sesi\u00f3n:<\/p><p>Son aquellas dise\u00f1adas para recabar y almacenar datos mientras el Usuario accede a una p\u00e1gina web.<\/p><p>Se suelen emplear para almacenar informaci\u00f3n que solo interesa conservar para la prestaci\u00f3n del servicio solicitado por el Usuario en una sola ocasi\u00f3n (por ejemplo, una lista de productos adquiridos) y desaparecen al terminar la sesi\u00f3n.<\/p><p>Cookies persistentes:<\/p><p>Son aquellas en las que los datos siguen almacenados en el terminal y pueden ser accedidos y tratados durante un periodo definido por el responsable de la cookie, y que puede ir de unos minutos a varios a\u00f1os. A este respecto debe valorarse espec\u00edficamente si es necesaria la utilizaci\u00f3n de cookies persistentes, puesto que los riesgos para la privacidad podr\u00edan reducirse mediante la utilizaci\u00f3n de cookies de sesi\u00f3n. En todo caso, cuando se instalen cookies persistentes, se recomienda reducir al m\u00ednimo necesario su duraci\u00f3n temporal atendiendo a la finalidad de su uso. A estos efectos, el Dictamen 4\/2012 del GT29 indic\u00f3 que para que una cookie pueda estar exenta del deber de consentimiento informado, su caducidad debe estar relacionada con su finalidad. Debido a ello, es mucho m\u00e1s probable que se consideren como exceptuadas las cookies de sesi\u00f3n que las persistentes.<\/p>\t\t\t\t\t\t\t\t<\/div>\n\t\t\t\t\t<\/div>\n\t\t\t\t<\/div>\n\t\t\t\t<\/div>\n\t\t","protected":false},"excerpt":{"rendered":"<p>COOKIEN POLITIKA \u00bfQu\u00e9 son las cookies? En ingl\u00e9s, el t\u00e9rmino \u00abcookie\u00bb significa galleta, pero en el \u00e1mbito de la navegaci\u00f3n web, una \u00abcookie\u00bb es algo completamente distinto. Cuando accede a nuestro Sitio Web, en el navegador de su dispositivo se almacena una peque\u00f1a cantidad de texto que se denomina \u00abcookie\u00bb. Este texto contiene informaci\u00f3n variada [&hellip;]<\/p>\n","protected":false},"author":1,"featured_media":0,"parent":0,"menu_order":0,"comment_status":"closed","ping_status":"closed","template":"","meta":{"footnotes":""},"class_list":["post-393","page","type-page","status-publish","hentry"],"yoast_head":"<!-- This site is optimized with the Yoast SEO plugin v26.7 - https:\/\/yoast.com\/wordpress\/plugins\/seo\/ -->\n<title>Cookien politika - AiaraFest 2025<\/title>\n<meta name=\"robots\" content=\"index, follow, max-snippet:-1, max-image-preview:large, max-video-preview:-1\" \/>\n<link rel=\"canonical\" href=\"https:\/\/aiarafest.com\/2025\/eu\/cookien-politika\/\" \/>\n<meta property=\"og:locale\" content=\"eu_ES\" \/>\n<meta property=\"og:type\" content=\"article\" \/>\n<meta property=\"og:title\" content=\"Cookien politika - AiaraFest 2025\" \/>\n<meta property=\"og:description\" content=\"COOKIEN POLITIKA \u00bfQu\u00e9 son las cookies? En ingl\u00e9s, el t\u00e9rmino \u00abcookie\u00bb significa galleta, pero en el \u00e1mbito de la navegaci\u00f3n web, una \u00abcookie\u00bb es algo completamente distinto. Cuando accede a nuestro Sitio Web, en el navegador de su dispositivo se almacena una peque\u00f1a cantidad de texto que se denomina \u00abcookie\u00bb. Este texto contiene informaci\u00f3n variada [&hellip;]\" \/>\n<meta property=\"og:url\" content=\"https:\/\/aiarafest.com\/2025\/eu\/cookien-politika\/\" \/>\n<meta property=\"og:site_name\" content=\"AiaraFest 2025\" \/>\n<meta property=\"article:publisher\" content=\"https:\/\/www.facebook.com\/profile.php?id=61571035340144\" \/>\n<meta property=\"article:modified_time\" content=\"2024-12-09T09:51:30+00:00\" \/>\n<meta name=\"twitter:card\" content=\"summary_large_image\" \/>\n<meta name=\"twitter:site\" content=\"@aiarafest\" \/>\n<meta name=\"twitter:label1\" content=\"Est. reading time\" \/>\n\t<meta name=\"twitter:data1\" content=\"6 minutes\" \/>\n<!-- \/ Yoast SEO plugin. -->","yoast_head_json":{"title":"Cookien politika - AiaraFest 2025","robots":{"index":"index","follow":"follow","max-snippet":"max-snippet:-1","max-image-preview":"max-image-preview:large","max-video-preview":"max-video-preview:-1"},"canonical":"https:\/\/aiarafest.com\/2025\/eu\/cookien-politika\/","og_locale":"eu_ES","og_type":"article","og_title":"Cookien politika - AiaraFest 2025","og_description":"COOKIEN POLITIKA \u00bfQu\u00e9 son las cookies? En ingl\u00e9s, el t\u00e9rmino \u00abcookie\u00bb significa galleta, pero en el \u00e1mbito de la navegaci\u00f3n web, una \u00abcookie\u00bb es algo completamente distinto. Cuando accede a nuestro Sitio Web, en el navegador de su dispositivo se almacena una peque\u00f1a cantidad de texto que se denomina \u00abcookie\u00bb. Este texto contiene informaci\u00f3n variada [&hellip;]","og_url":"https:\/\/aiarafest.com\/2025\/eu\/cookien-politika\/","og_site_name":"AiaraFest 2025","article_publisher":"https:\/\/www.facebook.com\/profile.php?id=61571035340144","article_modified_time":"2024-12-09T09:51:30+00:00","twitter_card":"summary_large_image","twitter_site":"@aiarafest","twitter_misc":{"Est. reading time":"6 minutes"},"schema":{"@context":"https:\/\/schema.org","@graph":[{"@type":"WebPage","@id":"https:\/\/aiarafest.com\/2025\/eu\/cookien-politika\/","url":"https:\/\/aiarafest.com\/2025\/eu\/cookien-politika\/","name":"Cookien politika - AiaraFest 2025","isPartOf":{"@id":"https:\/\/aiarafest.com\/2025\/eu\/#website"},"datePublished":"2024-12-02T14:51:33+00:00","dateModified":"2024-12-09T09:51:30+00:00","breadcrumb":{"@id":"https:\/\/aiarafest.com\/2025\/eu\/cookien-politika\/#breadcrumb"},"inLanguage":"eu-ES","potentialAction":[{"@type":"ReadAction","target":["https:\/\/aiarafest.com\/2025\/eu\/cookien-politika\/"]}]},{"@type":"BreadcrumbList","@id":"https:\/\/aiarafest.com\/2025\/eu\/cookien-politika\/#breadcrumb","itemListElement":[{"@type":"ListItem","position":1,"name":"Portada","item":"https:\/\/aiarafest.com\/2025\/eu\/"},{"@type":"ListItem","position":2,"name":"Cookien politika"}]},{"@type":"WebSite","@id":"https:\/\/aiarafest.com\/2025\/eu\/#website","url":"https:\/\/aiarafest.com\/2025\/eu\/","name":"AiaraFest","description":"","publisher":{"@id":"https:\/\/aiarafest.com\/2025\/eu\/#organization"},"potentialAction":[{"@type":"SearchAction","target":{"@type":"EntryPoint","urlTemplate":"https:\/\/aiarafest.com\/2025\/eu\/?s={search_term_string}"},"query-input":{"@type":"PropertyValueSpecification","valueRequired":true,"valueName":"search_term_string"}}],"inLanguage":"eu-ES"},{"@type":"Organization","@id":"https:\/\/aiarafest.com\/2025\/eu\/#organization","name":"AiaraFest","url":"https:\/\/aiarafest.com\/2025\/eu\/","logo":{"@type":"ImageObject","inLanguage":"eu-ES","@id":"https:\/\/aiarafest.com\/2025\/eu\/#\/schema\/logo\/image\/","url":"https:\/\/aiarafest.com\/wp-content\/uploads\/2024\/12\/logo-azul.png","contentUrl":"https:\/\/aiarafest.com\/wp-content\/uploads\/2024\/12\/logo-azul.png","width":300,"height":92,"caption":"AiaraFest"},"image":{"@id":"https:\/\/aiarafest.com\/2025\/eu\/#\/schema\/logo\/image\/"},"sameAs":["https:\/\/www.facebook.com\/profile.php?id=61571035340144","https:\/\/x.com\/aiarafest","https:\/\/www.instagram.com\/aiarafest","https:\/\/open.spotify.com\/user\/31bus3l3hlsioss5mewiily4izo4?si=8c19b7b31a46420d"]}]}},"_links":{"self":[{"href":"https:\/\/aiarafest.com\/2025\/eu\/wp-json\/wp\/v2\/pages\/393","targetHints":{"allow":["GET"]}}],"collection":[{"href":"https:\/\/aiarafest.com\/2025\/eu\/wp-json\/wp\/v2\/pages"}],"about":[{"href":"https:\/\/aiarafest.com\/2025\/eu\/wp-json\/wp\/v2\/types\/page"}],"author":[{"embeddable":true,"href":"https:\/\/aiarafest.com\/2025\/eu\/wp-json\/wp\/v2\/users\/1"}],"replies":[{"embeddable":true,"href":"https:\/\/aiarafest.com\/2025\/eu\/wp-json\/wp\/v2\/comments?post=393"}],"version-history":[{"count":13,"href":"https:\/\/aiarafest.com\/2025\/eu\/wp-json\/wp\/v2\/pages\/393\/revisions"}],"predecessor-version":[{"id":576,"href":"https:\/\/aiarafest.com\/2025\/eu\/wp-json\/wp\/v2\/pages\/393\/revisions\/576"}],"wp:attachment":[{"href":"https:\/\/aiarafest.com\/2025\/eu\/wp-json\/wp\/v2\/media?parent=393"}],"curies":[{"name":"wp","href":"https:\/\/api.w.org\/{rel}","templated":true}]}}